{"id":82,"date":"2025-05-08T13:19:30","date_gmt":"2025-05-08T13:19:30","guid":{"rendered":"https:\/\/moore-revidens-d-o-o.eu.moore-global.com\/?page_id=82"},"modified":"2025-11-20T12:08:05","modified_gmt":"2025-11-20T10:08:05","slug":"about-us","status":"publish","type":"page","link":"https:\/\/revidens.moore-global.com\/en\/about-us\/","title":{"rendered":"About Us"},"content":{"rendered":"<style id=\"strategiq-hero-style\">@media (min-width: 992px){.block-hero{margin-left:83px}}.block-hero .position-relative:has(.hero__svg){overflow:hidden}.block-hero .hero__svg{z-index:1;-webkit-transform:translateX(100%);transform:translateX(100%);opacity:0;-webkit-animation:heroSvgFadeIn 1s ease-out forwards;animation:heroSvgFadeIn 1s ease-out forwards;-webkit-animation-delay:0.3s;animation-delay:0.3s}.block-hero .hero__svg-left{position:absolute;left:0;top:0;height:100%;-webkit-transform:translateX(100%);transform:translateX(100%);opacity:0;-webkit-animation:heroSvgFadeInReverse 2s cubic-bezier(0.25, 0.1, 0.05, 1) forwards;animation:heroSvgFadeInReverse 2s cubic-bezier(0.25, 0.1, 0.05, 1) forwards;-webkit-animation-delay:0.3s;animation-delay:0.3s}.block-hero .hero__svg-right{position:absolute;right:0;top:0;height:100%;-webkit-transform:translateX(-100%);transform:translateX(-100%);opacity:0;-webkit-animation:heroSvgFadeIn 2s cubic-bezier(0.25, 0.1, 0.05, 1) forwards;animation:heroSvgFadeIn 2s cubic-bezier(0.25, 0.1, 0.05, 1) forwards;-webkit-animation-delay:1s;animation-delay:1s}@-webkit-keyframes heroSvgFadeIn{0%{opacity:0;-webkit-transform:translateX(100%);transform:translateX(100%)}100%{opacity:1;-webkit-transform:translateX(0);transform:translateX(0)}}@keyframes heroSvgFadeIn{0%{opacity:0;-webkit-transform:translateX(100%);transform:translateX(100%)}100%{opacity:1;-webkit-transform:translateX(0);transform:translateX(0)}}@-webkit-keyframes heroSvgFadeInReverse{0%{opacity:0;-webkit-transform:translateX(-100%);transform:translateX(-100%)}100%{opacity:1;-webkit-transform:translateX(0);transform:translateX(0)}}@keyframes heroSvgFadeInReverse{0%{opacity:0;-webkit-transform:translateX(-100%);transform:translateX(-100%)}100%{opacity:1;-webkit-transform:translateX(0);transform:translateX(0)}}.block-hero--large{margin-left:0}.block-hero--large .hero{background:transparent}.block-hero--large.has-secondary-background-color .hero__content-wrapper{background-color:#5C0696}.block-hero--large.has-primary-background-color .hero__content-wrapper{background-color:#02212E}.block-hero--large.has-prussian-blue-background-color{background-color:transparent !important}.block-hero--large.has-prussian-blue-background-color .hero__content-wrapper{background:#004C6C}.block-hero--large.has-primary-gradient-gradient-background{background:transparent !important}.block-hero--large.has-primary-gradient-gradient-background .hero__content-wrapper{background:var(--primary-gradient)}.block-hero--large.has-secondary-gradient-gradient-background{background:transparent !important}.block-hero--large.has-secondary-gradient-gradient-background .hero__content-wrapper{background:var(--secondary-gradient)}.block-hero--large.has-tertiary-gradient-gradient-background{background:transparent !important}.block-hero--large.has-tertiary-gradient-gradient-background .hero__content-wrapper{background:var(--tertiary-gradient)}@media (min-width: 992px){.block-hero--heading-above-image{border-left:1px solid #D9D9D9;margin-right:83px}}.block-hero--heading-above-image .hero{min-height:410px}@media (min-width: 768px){.block-hero--heading-above-image .hero{min-height:570px}}.block-hero--heading-above-image .hero--call-to-action{-webkit-box-pack:end;-ms-flex-pack:end;justify-content:flex-end}@media (min-width: 992px){.block-hero--heading-above-image .hero--call-to-action{padding-right:0}}.block-hero.has-secondary-background-color{background-color:transparent !important}.block-hero.has-secondary-background-color .hero{background:#5C0696}.block-hero.has-white-background-color .hero{background:#fff}.block-hero.has-white-background-color .hero__title,.block-hero.has-white-background-color .hero__content p{color:#000}.block-hero.has-light-blue-background-color .hero{background:#eaf7fe}.block-hero.has-light-blue-background-color .hero__title,.block-hero.has-light-blue-background-color .hero__content p{color:#000}.block-hero.has-primary-background-color .hero{background:#02212E}.block-hero.has-prussian-blue-background-color{background-color:transparent !important}.block-hero.has-prussian-blue-background-color .hero{background:#004C6C}.block-hero.has-primary-gradient-gradient-background{background:transparent !important}.block-hero.has-primary-gradient-gradient-background .hero{background:var(--primary-gradient)}.block-hero.has-secondary-gradient-gradient-background{background:transparent !important}.block-hero.has-secondary-gradient-gradient-background .hero{background:var(--secondary-gradient)}.block-hero.has-tertiary-gradient-gradient-background{background:transparent !important}.block-hero.has-tertiary-gradient-gradient-background .hero{background:var(--tertiary-gradient)}\n\n\/*# sourceMappingURL=block-hero.css.map *\/\n<\/style>\n<section class=\"wp-block-strategiq block-hero block-hero block-hero--default wp-block-strategiq-hero\">\n\t\n\n<div class=\"hero hero--default\">\n\t\n\t<div class=\"container-fluid\">\n\t\t<div class=\"row\">\n\t\t\t<div class=\"col-12  p-0\">\n\t\t\t\t\t\t\t\t\t\t\t\t\t\t\t\n\t\t\t\t\t\t\t\t\t\t\t\t\t\t\t<img decoding=\"async\" class=\"hero__svg-left\" src=\"https:\/\/revidens.moore-global.com\/wp-content\/themes\/moore-global\/assets\/images\/hero-default-left.svg\" alt=\"Hero Image\">\n\n\t\t\t\t\t\t\t\t<img decoding=\"async\" class=\"hero__svg-right\" src=\"https:\/\/revidens.moore-global.com\/wp-content\/themes\/moore-global\/assets\/images\/hero-default-right.svg\" alt=\"Hero Image\">\n\t\t\t\t\t\t\t\n\t\t\t\t\t\t\t\t\t\t\t\t\t\t\t\n\t\t\t\t\n\t\t\t\t\t\t\t\t\t<div class=\"hero__content-wrapper\">\n\t\t\t\t\t\t<div class=\"hero__content\">\n\t\t\t\t\t\t\t<h1 class='hero__title'>MOORE Revidens<\/h1>\t\t\t\t\t\t\t\t\t\t\t\t\t\t\t\t\t\t\t\t<\/div>\n\t\t\t\t\t<\/div>\n\t\t\t\t\n\t\t\t<\/div>\n\n\t\t\t\t\t<\/div>\n\t<\/div>\n\n\t<\/div>\n<\/section>\n\n\n<style id=\"strategiq-two-column-style\">.block-two-column{padding:40px 0 20px}.single-firm .block-two-column{padding-bottom:1.875rem}@media (min-width: 768px){.block-two-column{padding:0}}@media (min-width: 768px){.block-two-column .content-offset-right{padding-right:0}}@media (min-width: 992px){.block-two-column .content-offset-right{padding-right:calc(8.33333% + 24px)}}.block-two-column img{width:100%}.block-two-column__content{color:var(--text-color)}.block-two-column__content p:last-of-type{margin-bottom:0}.block-two-column__content iframe{width:100%}.block-two-column__list-content{margin-bottom:2.5rem}.block-two-column__list-heading{margin-bottom:8px;font-size:20px;font-weight:500}.block-two-column__list li p:last-of-type{margin-bottom:0}.block-two-column__list ul:first-of-type,.block-two-column__list ol:first-of-type{margin-top:0}.block-two-column__list ul:first-of-type li:first-of-type,.block-two-column__list ol:first-of-type li:first-of-type{margin-top:0}.block-two-column__list>p+ul:first-of-type,.block-two-column__list>p+ol:first-of-type{margin-top:1rem}.block-two-column__list>p+ul:first-of-type li:first-of-type,.block-two-column__list>p+ol:first-of-type li:first-of-type{margin-top:24px}.block-two-column__content.position-sticky,.block-two-column__list.position-sticky,.block-two-column__image-container.position-sticky{top:calc(var(--site-header-height) + 1rem)}.block-two-column__content,.block-two-column__image,.block-two-column__list{padding:12px 0}@media (min-width: 768px){.block-two-column__content,.block-two-column__image,.block-two-column__list{padding:2.5rem 1rem}}@media (min-width: 992px){.block-two-column__content,.block-two-column__image,.block-two-column__list{padding:5rem 0 3.75rem 0}}\n\n\/*# sourceMappingURL=block-two-column.css.map *\/\n<\/style>\n<section class=\"wp-block-strategiq block-two-column wp-block-strategiq-two-column\">\n\t<div class=\"container\">\n\t\t\t\t<div class=\"row align-items-start\">\n\t\t\t\t\t\t\t<div class=\"col-12 col-md-6 col-lg-5 offset-lg-1 content-offset-right\">\n\t\t\t\t\t\t\t\t\t\t\t<div class=\"block-two-column__content content-container\">\n\t\t\t\t\t\t\t\t\t\t\t\t\t\t\t<p class=\"body--large\">MOORE REVIDENS d.o.o. Vara\u017edin was founded in 1993, and on June 1 of the same year, it was among the first auditing companies in the country to receive a license to operate from the Ministry of Finance of the Republic of Croatia. The company was founded by former employees of the SDK (Slu\u017eba dru\u0161tvenog knjigovodstva) with many years of experience in inspection and auditing in the former SDK (Slu\u017eba dru\u0161tvenog knjigovodstva). Since its establishment, the company has been constantly developing and expanding its operations throughout Croatia and abroad.<\/p>\n\t\t\t\t\t\t\t\t\t\t\t\t\t<\/div>\n\t\t\t\t\t\t\t\t\t<\/div>\n\t\t\t\t\t\t\t<div class=\"col-12 col-md-6 content-offset-right\">\n\t\t\t\t\t\t\t\t\t\t\t<div class=\"block-two-column__content content-container\">\n\t\t\t\t\t\t\t\t\t\t\t\t\t\t\t<p class=\"body--large\">The company has so far performed more than 1,000 audits. We have conducted audits in companies from various industries, which is one of our key advantages, as it has enabled us to gain valuable knowledge and experience regarding the operation of accounting and bookkeeping functions under different circumstances. Therefore, the company, with its knowledge and many years of experience, is capable of performing audits in companies from any industry, size and type of organization.<\/p>\n<p class=\"body--large\">Our staff is professionally trained to perform all tasks and ready to constantly acquire new knowledge. We are here to contribute to the client&#039;s business success through our actions. Our membership in the MOORE Global London network enables us to provide an international service to domestic and international clients.<\/p>\n\t\t\t\t\t\t\t\t\t\t\t\t\t<\/div>\n\t\t\t\t\t\t\t\t\t<\/div>\n\t\t\t\t\t<\/div>\n\t<\/div>\n<\/section>\n\n\n<section class=\"wp-block-strategiq block-hero block-hero block-hero--default wp-block-strategiq-hero\">\n\t\n\n<div class=\"hero hero--default\">\n\t\n\t<div class=\"container-fluid\">\n\t\t<div class=\"row\">\n\t\t\t<div class=\"col-12  p-0\">\n\t\t\t\t\t\t\t\t\t\t\t\t\t\t\t\n\t\t\t\t\t\t\t\t\t\t\t\t\t\t\t<img decoding=\"async\" class=\"hero__svg-left\" src=\"https:\/\/revidens.moore-global.com\/wp-content\/themes\/moore-global\/assets\/images\/hero-default-left.svg\" alt=\"Hero Image\">\n\n\t\t\t\t\t\t\t\t<img decoding=\"async\" class=\"hero__svg-right\" src=\"https:\/\/revidens.moore-global.com\/wp-content\/themes\/moore-global\/assets\/images\/hero-default-right.svg\" alt=\"Hero Image\">\n\t\t\t\t\t\t\t\n\t\t\t\t\t\t\t\t\t\t\t\t\t\t\t\n\t\t\t\t\n\t\t\t\t\t\t\t\t\t<div class=\"hero__content-wrapper\">\n\t\t\t\t\t\t<div class=\"hero__content\">\n\t\t\t\t\t\t\t<h1 class='hero__title'>MISSION AND VISION<\/h1>\t\t\t\t\t\t\t\t\t\t\t\t\t\t\t\t\t\t\t\t<\/div>\n\t\t\t\t\t<\/div>\n\t\t\t\t\n\t\t\t<\/div>\n\n\t\t\t\t\t<\/div>\n\t<\/div>\n\n\t<\/div>\n<\/section>\n\n\n\n<section class=\"wp-block-strategiq block-two-column wp-block-strategiq-two-column\">\n\t<div class=\"container\">\n\t\t\t\t<div class=\"row align-items-start\">\n\t\t\t\t\t\t\t<div class=\"col-12 col-md-6 col-lg-5 offset-lg-1 content-offset-right\">\n\t\t\t\t\t\t\t\t\t\t\t<div class=\"block-two-column__content content-container\">\n\t\t\t\t\t\t\t\t\t\t\t\t\t\t\t<h3 class=\"body--xlarge\"><span class=\"content-heading\">MISSION<\/span><\/h3>\n<p class=\"body--large\">To provide the client with a professional financial statement audit service and a reliable consulting service based on a high level of expertise, knowledge and experience.<\/p>\n<p class=\"body--large\">Our main strength is teamwork.<\/p>\n<p class=\"body--large\">We approach each task as a team of experts ready to look at the problem in all its aspects, combining our individual special knowledge of accounting, finance and taxes into a unique approach that guarantees a quality result.<\/p>\n\t\t\t\t\t\t\t\t\t\t\t\t\t<\/div>\n\t\t\t\t\t\t\t\t\t<\/div>\n\t\t\t\t\t\t\t<div class=\"col-12 col-md-6 content-offset-right\">\n\t\t\t\t\t\t\t\t\t\t\t<div class=\"block-two-column__content content-container\">\n\t\t\t\t\t\t\t\t\t\t\t\t\t\t\t<h3><span class=\"content-heading\">VISION<\/span><\/h3>\n<p class=\"body--large\">To be the leading audit firm in the northwestern part of Croatia, recognized for the quality of its service and to be among the ten largest audit firms in Croatia.<\/p>\n\t\t\t\t\t\t\t\t\t\t\t\t\t<\/div>\n\t\t\t\t\t\t\t\t\t<\/div>\n\t\t\t\t\t<\/div>\n\t<\/div>\n<\/section>\n\n\n<section class=\"wp-block-strategiq block-hero block-hero block-hero--default wp-block-strategiq-hero\">\n\t\n\n<div class=\"hero hero--default\">\n\t\n\t<div class=\"container-fluid\">\n\t\t<div class=\"row\">\n\t\t\t<div class=\"col-12  p-0\">\n\t\t\t\t\t\t\t\t\t\t\t\t\t\t\t\n\t\t\t\t\t\t\t\t\t\t\t\t\t\t\t<img decoding=\"async\" class=\"hero__svg-left\" src=\"https:\/\/revidens.moore-global.com\/wp-content\/themes\/moore-global\/assets\/images\/hero-default-left.svg\" alt=\"Hero Image\">\n\n\t\t\t\t\t\t\t\t<img decoding=\"async\" class=\"hero__svg-right\" src=\"https:\/\/revidens.moore-global.com\/wp-content\/themes\/moore-global\/assets\/images\/hero-default-right.svg\" alt=\"Hero Image\">\n\t\t\t\t\t\t\t\n\t\t\t\t\t\t\t\t\t\t\t\t\t\t\t\n\t\t\t\t\n\t\t\t\t\t\t\t\t\t<div class=\"hero__content-wrapper\">\n\t\t\t\t\t\t<div class=\"hero__content\">\n\t\t\t\t\t\t\t<h1 class='hero__title'>MOORE Global<\/h1>\t\t\t\t\t\t\t\t\t\t\t\t\t\t\t\t\t\t\t\t<\/div>\n\t\t\t\t\t<\/div>\n\t\t\t\t\n\t\t\t<\/div>\n\n\t\t\t\t\t<\/div>\n\t<\/div>\n\n\t<\/div>\n<\/section>\n\n\n\n<section class=\"wp-block-strategiq block-hero block-hero block-hero--heading-above-image wp-block-strategiq-hero\">\n\t\n\t<div class=\"hero__heading-above-image\">\n\t\t<div class=\"row align-items-start\">\n\t\t\t<div class=\"col-12 col-lg-5 offset-lg-1\">\n\t\t\t\t<h1 class='hero__heading-above-image-title'><\/h1>\t\t\t<\/div>\n\t\t\t<div class=\"col-12 col-lg-5 offset-lg-1\">\n\t\t\t\t<div class=\"hero__heading-above-image-content\">\n\t\t\t\t\t<p><\/p>\n\t\t\t\t<\/div>\n\t\t\t<\/div>\n\t\t<\/div>\n\t<\/div>\n\n<div class=\"hero hero--video\">\n\t\n\t<div class=\"container-fluid\">\n\t\t<div class=\"row\">\n\t\t\t<div class=\"col-12  p-0\">\n\t\t\t\t\t\t\t\t\t\t\t\t\t\n\t\t\t\t\t\t\t\t\t\t\t\t\t\t\t\t\t\t\t\t\t<a href=\"https:\/\/player.vimeo.com\/video\/1030038792?dnt=1&amp;app_id=122963\"\n\t\t\t\t\t\t\tclass=\"hero__video-lightbox\"\n\t\t\t\t\t\t\tdata-lity>\n\t\t\t\t\t\t\t<picture class=\"hero__image behave-as-bg\"><source media=\"(min-width: 1200px)\" srcset=\"https:\/\/revidens.moore-global.com\/wp-content\/uploads\/sites\/7\/bis-images\/118\/7b5f56cbfaac9e4c60d260015068a01c6a6ee9b6-1727x809-f50_50.png 0.899x,https:\/\/revidens.moore-global.com\/wp-content\/uploads\/sites\/7\/bis-images\/118\/7b5f56cbfaac9e4c60d260015068a01c6a6ee9b6-1727x809-f50_50.png 0.899x\"><source media=\"(min-width: 992px)\" srcset=\"https:\/\/revidens.moore-global.com\/wp-content\/uploads\/sites\/7\/bis-images\/118\/7b5f56cbfaac9e4c60d260015068a01c6a6ee9b6-1600x900.png 1.000x,https:\/\/revidens.moore-global.com\/wp-content\/uploads\/sites\/7\/bis-images\/118\/7b5f56cbfaac9e4c60d260015068a01c6a6ee9b6-3200x1800.png 2.000x\"><source media=\"(min-width: 0px)\" srcset=\"https:\/\/revidens.moore-global.com\/wp-content\/uploads\/sites\/7\/bis-images\/118\/7b5f56cbfaac9e4c60d260015068a01c6a6ee9b6-800x800.png 1.000x,https:\/\/revidens.moore-global.com\/wp-content\/uploads\/sites\/7\/bis-images\/118\/7b5f56cbfaac9e4c60d260015068a01c6a6ee9b6-1600x1600.png 2.000x\"><img decoding=\"async\" src=\"https:\/\/revidens.moore-global.com\/wp-content\/uploads\/sites\/7\/bis-images\/118\/7b5f56cbfaac9e4c60d260015068a01c6a6ee9b6-800x800.png\" srcset=\"https:\/\/revidens.moore-global.com\/wp-content\/uploads\/sites\/7\/bis-images\/118\/7b5f56cbfaac9e4c60d260015068a01c6a6ee9b6-800x800.png 1.000x,https:\/\/revidens.moore-global.com\/wp-content\/uploads\/sites\/7\/bis-images\/118\/7b5f56cbfaac9e4c60d260015068a01c6a6ee9b6-1600x1600.png 2.000x\" alt=\"O Nama\" width=\"800\" height=\"800\" class=\"\"><\/picture>\t\t\t\t\t\t\t<div class=\"play-icon\">\n\t\t\t\t\t\t\t\t<svg class=\"icon\" xmlns=\"http:\/\/www.w3.org\/2000\/svg\" width=\"24\" height=\"24\" viewbox=\"0 0 384 512\">\n\t\t\t\t\t\t\t\t\t<path fill=\"currentColor\" d=\"M361 215C375.3 223.8 384 239.3 384 256C384 272.7 375.3 288.2 361 296.1L73.03 472.1C58.21 482 39.66 482.4 24.52 473.9C9.377 465.4 0 449.4 0 432V80C0 62.64 9.377 46.63 24.52 38.13C39.66 29.64 58.21 29.99 73.03 39.04L361 215z\" \/>\n\t\t\t\t\t\t\t\t<\/svg>\n\t\t\t\t\t\t\t<\/div>\n\t\t\t\t\t\t<\/a>\n\t\t\t\t\t\t\t\t\t\n\t\t\t\t\n\t\t\t<\/div>\n\n\t\t\t\t\t<\/div>\n\t<\/div>\n\n\t<\/div>\n<\/section>\n\n\n\n<section class=\"wp-block-strategiq block-two-column wp-block-strategiq-two-column\">\n\t<div class=\"container\">\n\t\t\t\t<div class=\"row align-items-start\">\n\t\t\t\t\t\t\t<div class=\"col-12 col-md-6 col-lg-5 offset-lg-1 content-offset-right\">\n\t\t\t\t\t\t\t\t\t\t\t<div class=\"block-two-column__content content-container\">\n\t\t\t\t\t\t\t\t\t\t\t\t\t\t\t<p class=\"body--large\">The company MOORE REVIDENS d.o.o. is a member of the global group of auditing and consulting firms MOORE GLOBAL NETWORK LIMITED, London.<\/p>\n<p class=\"body--large\">Since its foundation a hundred years ago, MOORE Global has grown into one of the largest international accounting and consulting groups. Today, MOORE operates in more than 500 offices in 116 countries around the world and employs over 37,000 people.<\/p>\n\t\t\t\t\t\t\t\t\t\t\t\t\t<\/div>\n\t\t\t\t\t\t\t\t\t<\/div>\n\t\t\t\t\t\t\t<div class=\"col-12 col-md-6 content-offset-right\">\n\t\t\t\t\t\t\t\t\t\t\t<div class=\"block-two-column__content content-container\">\n\t\t\t\t\t\t\t\t\t\t\t\t\t\t\t<p class=\"body--large\">You can be confident that we have the necessary resources and capacities to meet all your needs.<\/p>\n<p class=\"body--large\">The connection between our company and MOORE Global is visible in the audit methodology according to which the company performs its services. Our employees regularly undergo training and other forms of training in order to comply with the methodology and requirements of the MOORE group. In this way, the company ensures the high quality of its services and constant adaptation to new business changes in audit practice.<\/p>\n\t\t\t\t\t\t\t\t\t\t\t\t\t<\/div>\n\t\t\t\t\t\t\t\t\t<\/div>\n\t\t\t\t\t<\/div>\n\t<\/div>\n<\/section>\n\n\n<section class=\"wp-block-strategiq block-cta-bar wp-block-strategiq-cta-bar\">\n\t<div class=\"container\">\n\t\t<div class=\"block-cta-bar__wrapper\">\n\t\t\t<div class=\"row\">\n\t\t\t\t<div class=\"col-12 col-lg-9\">\n\t\t\t\t\t\t\t\t\t\t\t<div class=\"block-cta-bar__heading-wrapper\">\n\t\t\t\t\t\t\t\t\t\t\t\t\t\t<h1 class=\"block-cta-bar__heading\">ABOUT MOORE GLOBAL<\/h1>\n\t\t\t\t\t\t<\/div>\n\t\t\t\t\t\t\t\t\t<\/div>\n\t\t\t\t<div class=\"col-12 col-lg-3\">\n\t\t\t\t\t\t\t\t\t\t\t<div class=\"block-cta-bar__button-wrapper\">\n\t\t\t\t\t\t\t\t\t\t\t\t\t\t\t\t\t\t\t\t<\/div>\n\t\t\t\t\t\t\t\t\t<\/div>\n\t\t\t<\/div>\n\t\t<\/div>\n\t<\/div>\n<\/section>\n\n\n\n<section class=\"wp-block-strategiq block-stats wp-block-strategiq-stats\">\n\t<div class=\"container\">\n\t\t<div class=\"block-stats__wrapper\">\n\t\t\t<div class=\"row justify-content-center\">\n\t\t\t\t\t\t\t\t\t\t\t\t\t\t\t\t\t\t\t\t\t\t<div class=\"col-6 col-md-3\">\n\t\t\t\t\t\t\t\t<div class=\"block-stats__stat\">\n\t\t\t\t\t\t\t\t\t<span class=\"block-stats__count\"><span class=\"block-stats__count-number\" data-count=\"116\">116<\/span><\/span>\n\t\t\t\t\t\t\t\t\t<span class=\"block-stats__label\">countries of the world<\/span>\n\t\t\t\t\t\t\t\t<\/div>\n\t\t\t\t\t\t\t<\/div>\n\t\t\t\t\t\t\t\t\t\t\t\t\t\t\t\t\t\t\t\t\t\t\t\t<div class=\"col-6 col-md-3\">\n\t\t\t\t\t\t\t\t<div class=\"block-stats__stat\">\n\t\t\t\t\t\t\t\t\t<span class=\"block-stats__count\"><span class=\"block-stats__count-number\" data-count=\"234\">234<\/span><\/span>\n\t\t\t\t\t\t\t\t\t<span class=\"block-stats__label\">independent firms<\/span>\n\t\t\t\t\t\t\t\t<\/div>\n\t\t\t\t\t\t\t<\/div>\n\t\t\t\t\t\t\t\t\t\t\t\t\t\t\t\t\t\t\t\t\t\t\t\t<div class=\"col-6 col-md-3\">\n\t\t\t\t\t\t\t\t<div class=\"block-stats__stat\">\n\t\t\t\t\t\t\t\t\t<span class=\"block-stats__count\"><span class=\"block-stats__count-number\" data-count=\"37\">37<\/span>k<\/span>\n\t\t\t\t\t\t\t\t\t<span class=\"block-stats__label\">experts<\/span>\n\t\t\t\t\t\t\t\t<\/div>\n\t\t\t\t\t\t\t<\/div>\n\t\t\t\t\t\t\t\t\t\t\t\t\t\t\t\t\t\t\t\t\t\t\t\t<div class=\"col-6 col-md-3\">\n\t\t\t\t\t\t\t\t<div class=\"block-stats__stat\">\n\t\t\t\t\t\t\t\t\t<span class=\"block-stats__count\"><span class=\"block-stats__count-number\" data-count=\"563\">563<\/span><\/span>\n\t\t\t\t\t\t\t\t\t<span class=\"block-stats__label\">offices<\/span>\n\t\t\t\t\t\t\t\t<\/div>\n\t\t\t\t\t\t\t<\/div>\n\t\t\t\t\t\t\t\t\t\t\t\t\t\t\t\t\t\t<\/div>\n\t\t<\/div>\n\t<\/div>\n<\/section>","protected":false},"excerpt":{"rendered":"","protected":false},"author":3,"featured_media":0,"parent":0,"menu_order":4,"comment_status":"closed","ping_status":"closed","template":"","meta":{"_acf_changed":true,"footnotes":""},"class_list":["post-82","page","type-page","status-publish","hentry"],"acf":[],"yoast_head":"<!-- This site is optimized with the Yoast SEO plugin v27.5 - https:\/\/yoast.com\/product\/yoast-seo-wordpress\/ -->\n<title>O Nama - Moore Revidens<\/title>\n<meta name=\"robots\" content=\"index, follow, max-snippet:-1, max-image-preview:large, max-video-preview:-1\" \/>\n<link rel=\"canonical\" href=\"https:\/\/revidens.moore-global.com\/en\/about-us\/\" \/>\n<meta property=\"og:locale\" content=\"en_US\" \/>\n<meta property=\"og:type\" content=\"article\" \/>\n<meta property=\"og:title\" content=\"O Nama - Moore Revidens\" \/>\n<meta property=\"og:url\" content=\"https:\/\/revidens.moore-global.com\/en\/about-us\/\" \/>\n<meta property=\"og:site_name\" content=\"Moore Revidens\" \/>\n<meta property=\"article:modified_time\" content=\"2025-11-20T10:08:05+00:00\" \/>\n<meta name=\"twitter:card\" content=\"summary_large_image\" \/>\n<script type=\"application\/ld+json\" class=\"yoast-schema-graph\">{\"@context\":\"https:\\\/\\\/schema.org\",\"@graph\":[{\"@type\":\"WebPage\",\"@id\":\"https:\\\/\\\/revidens.moore-global.com\\\/about-us\\\/\",\"url\":\"https:\\\/\\\/revidens.moore-global.com\\\/about-us\\\/\",\"name\":\"O Nama - Moore Revidens\",\"isPartOf\":{\"@id\":\"https:\\\/\\\/revidens.moore-global.com\\\/#website\"},\"datePublished\":\"2025-05-08T13:19:30+00:00\",\"dateModified\":\"2025-11-20T10:08:05+00:00\",\"breadcrumb\":{\"@id\":\"https:\\\/\\\/revidens.moore-global.com\\\/about-us\\\/#breadcrumb\"},\"inLanguage\":\"en-US\",\"potentialAction\":[{\"@type\":\"ReadAction\",\"target\":[\"https:\\\/\\\/revidens.moore-global.com\\\/about-us\\\/\"]}]},{\"@type\":\"BreadcrumbList\",\"@id\":\"https:\\\/\\\/revidens.moore-global.com\\\/about-us\\\/#breadcrumb\",\"itemListElement\":[{\"@type\":\"ListItem\",\"position\":1,\"name\":\"Home\",\"item\":\"https:\\\/\\\/revidens.moore-global.com\\\/\"},{\"@type\":\"ListItem\",\"position\":2,\"name\":\"O Nama\"}]},{\"@type\":\"WebSite\",\"@id\":\"https:\\\/\\\/revidens.moore-global.com\\\/#website\",\"url\":\"https:\\\/\\\/revidens.moore-global.com\\\/\",\"name\":\"Moore Revidens\",\"description\":\"This is the base site for Moore Revidens\",\"potentialAction\":[{\"@type\":\"SearchAction\",\"target\":{\"@type\":\"EntryPoint\",\"urlTemplate\":\"https:\\\/\\\/revidens.moore-global.com\\\/?s={search_term_string}\"},\"query-input\":{\"@type\":\"PropertyValueSpecification\",\"valueRequired\":true,\"valueName\":\"search_term_string\"}}],\"inLanguage\":\"en-US\"}]}<\/script>\n<!-- \/ Yoast SEO plugin. -->","yoast_head_json":{"title":"O Nama - Moore Revidens","robots":{"index":"index","follow":"follow","max-snippet":"max-snippet:-1","max-image-preview":"max-image-preview:large","max-video-preview":"max-video-preview:-1"},"canonical":"https:\/\/revidens.moore-global.com\/en\/about-us\/","og_locale":"en_US","og_type":"article","og_title":"O Nama - Moore Revidens","og_url":"https:\/\/revidens.moore-global.com\/en\/about-us\/","og_site_name":"Moore Revidens","article_modified_time":"2025-11-20T10:08:05+00:00","twitter_card":"summary_large_image","schema":{"@context":"https:\/\/schema.org","@graph":[{"@type":"WebPage","@id":"https:\/\/revidens.moore-global.com\/about-us\/","url":"https:\/\/revidens.moore-global.com\/about-us\/","name":"O Nama - Moore Revidens","isPartOf":{"@id":"https:\/\/revidens.moore-global.com\/#website"},"datePublished":"2025-05-08T13:19:30+00:00","dateModified":"2025-11-20T10:08:05+00:00","breadcrumb":{"@id":"https:\/\/revidens.moore-global.com\/about-us\/#breadcrumb"},"inLanguage":"en-US","potentialAction":[{"@type":"ReadAction","target":["https:\/\/revidens.moore-global.com\/about-us\/"]}]},{"@type":"BreadcrumbList","@id":"https:\/\/revidens.moore-global.com\/about-us\/#breadcrumb","itemListElement":[{"@type":"ListItem","position":1,"name":"Home","item":"https:\/\/revidens.moore-global.com\/"},{"@type":"ListItem","position":2,"name":"O Nama"}]},{"@type":"WebSite","@id":"https:\/\/revidens.moore-global.com\/#website","url":"https:\/\/revidens.moore-global.com\/","name":"Moore Revidens","description":"This is the base site for Moore Revidens","potentialAction":[{"@type":"SearchAction","target":{"@type":"EntryPoint","urlTemplate":"https:\/\/revidens.moore-global.com\/?s={search_term_string}"},"query-input":{"@type":"PropertyValueSpecification","valueRequired":true,"valueName":"search_term_string"}}],"inLanguage":"en-US"}]}},"_links":{"self":[{"href":"https:\/\/revidens.moore-global.com\/en\/wp-json\/wp\/v2\/pages\/82","targetHints":{"allow":["GET"]}}],"collection":[{"href":"https:\/\/revidens.moore-global.com\/en\/wp-json\/wp\/v2\/pages"}],"about":[{"href":"https:\/\/revidens.moore-global.com\/en\/wp-json\/wp\/v2\/types\/page"}],"author":[{"embeddable":true,"href":"https:\/\/revidens.moore-global.com\/en\/wp-json\/wp\/v2\/users\/3"}],"replies":[{"embeddable":true,"href":"https:\/\/revidens.moore-global.com\/en\/wp-json\/wp\/v2\/comments?post=82"}],"version-history":[{"count":0,"href":"https:\/\/revidens.moore-global.com\/en\/wp-json\/wp\/v2\/pages\/82\/revisions"}],"wp:attachment":[{"href":"https:\/\/revidens.moore-global.com\/en\/wp-json\/wp\/v2\/media?parent=82"}],"curies":[{"name":"wp","href":"https:\/\/api.w.org\/{rel}","templated":true}]}}